{"id":179,"date":"2025-10-01T09:45:41","date_gmt":"2025-10-01T12:45:41","guid":{"rendered":"https:\/\/xr4edu.decom.ufop.br\/?page_id=179"},"modified":"2025-11-11T15:55:46","modified_gmt":"2025-11-11T18:55:46","slug":"cbie-jaie-2025","status":"publish","type":"page","link":"https:\/\/xr4edu.decom.ufop.br\/index.php\/course\/cbie-jaie-2025\/","title":{"rendered":"CBIE &#8211; JAIE 2025"},"content":{"rendered":"\n<div class=\"wp-block-group is-content-justification-center is-nowrap is-layout-flex wp-container-core-group-is-layout-109406e2 wp-block-group-is-layout-flex\" style=\"margin-top:0;margin-bottom:0;padding-top:0;padding-bottom:0\">\n<figure class=\"wp-block-image size-full is-resized\"><img loading=\"lazy\" decoding=\"async\" width=\"512\" height=\"512\" src=\"https:\/\/xr4edu.decom.ufop.br\/wp-content\/uploads\/2025\/10\/warning-sign.png\" alt=\"\" class=\"wp-image-189\" style=\"width:34px;height:auto\" srcset=\"https:\/\/xr4edu.decom.ufop.br\/wp-content\/uploads\/2025\/10\/warning-sign.png 512w, https:\/\/xr4edu.decom.ufop.br\/wp-content\/uploads\/2025\/10\/warning-sign-300x300.png 300w, https:\/\/xr4edu.decom.ufop.br\/wp-content\/uploads\/2025\/10\/warning-sign-150x150.png 150w\" sizes=\"auto, (max-width: 512px) 100vw, 512px\" \/><\/figure>\n\n\n\n<p class=\"has-medium-font-size\"><strong> This course is available only in Portuguese<\/strong><\/p>\n<\/div>\n\n\n\n<div style=\"height:33px\" aria-hidden=\"true\" class=\"wp-block-spacer\"><\/div>\n\n\n\n<h2 class=\"wp-block-heading has-text-align-left has-large-font-size\" style=\"padding-right:var(--wp--preset--spacing--80);padding-left:var(--wp--preset--spacing--80)\"><strong>MINICURSO<\/strong><\/h2>\n\n\n\n<h1 class=\"wp-block-heading has-text-align-left\" style=\"margin-top:0;margin-right:var(--wp--preset--spacing--30);margin-bottom:0;margin-left:var(--wp--preset--spacing--30);font-size:clamp(2.288rem, 2.288rem + ((1vw - 0.2rem) * 2.999), 4.2rem);\"><strong>Design de Materiais Imersivos para o Ensino em Ambientes de Realidade Estendida<\/strong><\/h1>\n\n\n\n<div style=\"height:43px\" aria-hidden=\"true\" class=\"wp-block-spacer\"><\/div>\n\n\n\n<p class=\"has-text-align-left\" style=\"padding-top:var(--wp--preset--spacing--20);padding-right:var(--wp--preset--spacing--20);padding-bottom:var(--wp--preset--spacing--20);padding-left:var(--wp--preset--spacing--20);font-size:clamp(1.146rem, 1.146rem + ((1vw - 0.2rem) * 1.026), 1.8rem);\">A aplica\u00e7\u00e3o de tecnologias de car\u00e1ter imersivo, como jogos de Realidade Estendida, tem ganhado cada vez mais espa\u00e7o no \u00e2mbito educacional, gra\u00e7as \u00e0s suas possibilidades de intera\u00e7\u00e3o, abstra\u00e7\u00e3o, e engajamento de estudantes. Em especial, a Realidade Aumentada (RA) se destaca como uma tecnologia acess\u00edvel, considerando que pode ser usada em dispositivos m\u00f3veis e ser incorporada junto a materiais did\u00e1ticos como livros. Com isto em mente, propomos um minicurso onde professores (e futuros professores) aprendem sobre como projetar jogos de RA utilizando como base o <em>framework Canvas de Design de Jogos<\/em> e os livros <em>Hedy Lamarr &#8211; A estrela de ideias brilhantes<\/em> e <em>Alan Turing &#8211; Suas m\u00e1quinas e seus segredos<\/em>.<\/p>\n\n\n\n<p><\/p>\n\n\n\n<p style=\"padding-top:var(--wp--preset--spacing--30);padding-right:var(--wp--preset--spacing--20);padding-bottom:var(--wp--preset--spacing--30);padding-left:var(--wp--preset--spacing--20);font-size:clamp(1.146rem, 1.146rem + ((1vw - 0.2rem) * 1.026), 1.8rem);\">O minicurso ir\u00e1 ocorrer no dia <strong>25\/11\/2025<\/strong>, das <strong>09:30h \u00e0s 16:00h<\/strong>, na <strong>Pontif\u00edcia Universidade Cat\u00f3lica do Paran\u00e1 (PUC-PR)<\/strong>.<\/p>\n\n\n\n<p><\/p>\n\n\n\n<p class=\"has-text-align-left\" style=\"padding-top:var(--wp--preset--spacing--20);padding-right:var(--wp--preset--spacing--20);padding-bottom:var(--wp--preset--spacing--20);padding-left:var(--wp--preset--spacing--20);font-size:clamp(1.146rem, 1.146rem + ((1vw - 0.2rem) * 1.026), 1.8rem);\">Al\u00e9m de aprender sobre design de jogos, os participantes tamb\u00e9m ter\u00e3o a oportunidade de <strong>experimentar equipamentos de Realidade Estendida<\/strong> no <a href=\"https:\/\/sites.pucpr.br\/realidadeestendida\/\" data-type=\"link\" data-id=\"https:\/\/sites.pucpr.br\/realidadeestendida\/\"><strong>Centro de Realidade Estendida (CRE)<\/strong><\/a> da PUC-PR. Achou interessante? Voc\u00ea pode fazer um <strong>tour virtual <\/strong>para ver como o espa\u00e7o \u00e9 <a href=\"https:\/\/my.matterport.com\/show\/?m=SSs4UwRKdfe\">aqui<\/a>!<\/p>\n\n\n\n<div style=\"height:61px\" aria-hidden=\"true\" class=\"wp-block-spacer\"><\/div>\n\n\n\n<h2 class=\"wp-block-heading has-text-align-center\" style=\"font-size:clamp(1.502rem, 1.502rem + ((1vw - 0.2rem) * 1.565), 2.5rem);\"><strong>MATERIAL DO MINICURSO<\/strong><\/h2>\n\n\n\n<p class=\"has-text-align-center\" style=\"font-size:clamp(1.146rem, 1.146rem + ((1vw - 0.2rem) * 1.026), 1.8rem);\">O material pode ser acessado na biblioteca SBC OpenLib (SOL)<\/p>\n\n\n\n<div style=\"height:19px\" aria-hidden=\"true\" class=\"wp-block-spacer\"><\/div>\n\n\n\n<div class=\"wp-block-buttons is-content-justification-center is-layout-flex wp-container-core-buttons-is-layout-a89b3969 wp-block-buttons-is-layout-flex\">\n<div class=\"wp-block-button\"><a class=\"wp-block-button__link has-text-align-center wp-element-button\" href=\"https:\/\/books-sol.sbc.org.br\/index.php\/sbc\/catalog\/view\/181\/809\/1603\" style=\"padding-top:var(--wp--preset--spacing--30);padding-right:var(--wp--preset--spacing--60);padding-bottom:var(--wp--preset--spacing--30);padding-left:var(--wp--preset--spacing--60)\"><strong>ACESSE O MATERIAL AQUI<\/strong><\/a><\/div>\n<\/div>\n\n\n\n<div style=\"height:55px\" aria-hidden=\"true\" class=\"wp-block-spacer\"><\/div>\n\n\n\n<h2 class=\"wp-block-heading has-text-align-center\" style=\"font-size:clamp(1.502rem, 1.502rem + ((1vw - 0.2rem) * 1.565), 2.5rem);\"><strong>INSCRI\u00c7\u00c3O<\/strong><\/h2>\n\n\n\n<p class=\"has-text-align-center\" style=\"font-size:clamp(1.146rem, 1.146rem + ((1vw - 0.2rem) * 1.026), 1.8rem);\">Fa\u00e7a sua inscri\u00e7\u00e3o pelo sistema <a href=\"https:\/\/centraldesistemas.sbc.org.br\/ecos\/cbie2025\">ECOS<\/a>, atualizando sua inscri\u00e7\u00e3o no CBIE e adicionando JAIE4 <\/p>\n\n\n\n<div style=\"height:41px\" aria-hidden=\"true\" class=\"wp-block-spacer\"><\/div>\n\n\n\n<figure class=\"wp-block-image aligncenter size-full is-resized\"><img loading=\"lazy\" decoding=\"async\" width=\"1080\" height=\"1080\" src=\"https:\/\/xr4edu.decom.ufop.br\/wp-content\/uploads\/2025\/10\/Logo-Minicurso-v2.png\" alt=\"\" class=\"wp-image-190\" style=\"width:129px;height:auto\" srcset=\"https:\/\/xr4edu.decom.ufop.br\/wp-content\/uploads\/2025\/10\/Logo-Minicurso-v2.png 1080w, https:\/\/xr4edu.decom.ufop.br\/wp-content\/uploads\/2025\/10\/Logo-Minicurso-v2-300x300.png 300w\" sizes=\"auto, (max-width: 1080px) 100vw, 1080px\" \/><\/figure>\n\n\n\n<div style=\"height:47px\" aria-hidden=\"true\" class=\"wp-block-spacer\"><\/div>\n\n\n\n<p class=\"has-base-background-color has-background\">Este minicurso \u00e9 parte da J<strong>ornadas de Atualiza\u00e7\u00e3o em Inform\u00e1tica na Educa\u00e7\u00e3o (JAIE 2025)<\/strong>, evento sat\u00e9lite do <strong>XIV Congresso Brasileiro de Inform\u00e1tica na Educa\u00e7\u00e3o<\/strong> <strong>(CBIE 2025)<\/strong><\/p>\n\n\n\n<div style=\"height:26px\" aria-hidden=\"true\" class=\"wp-block-spacer\"><\/div>\n\n\n\n<figure class=\"wp-block-image aligncenter size-large is-resized\"><img loading=\"lazy\" decoding=\"async\" width=\"1024\" height=\"931\" src=\"https:\/\/xr4edu.decom.ufop.br\/wp-content\/uploads\/2025\/10\/logo_cbie_novo-1024x931.png\" alt=\"\" class=\"wp-image-194\" style=\"width:189px;height:auto\" srcset=\"https:\/\/xr4edu.decom.ufop.br\/wp-content\/uploads\/2025\/10\/logo_cbie_novo-1024x931.png 1024w, https:\/\/xr4edu.decom.ufop.br\/wp-content\/uploads\/2025\/10\/logo_cbie_novo-300x273.png 300w, https:\/\/xr4edu.decom.ufop.br\/wp-content\/uploads\/2025\/10\/logo_cbie_novo-768x698.png 768w, https:\/\/xr4edu.decom.ufop.br\/wp-content\/uploads\/2025\/10\/logo_cbie_novo.png 1126w\" sizes=\"auto, (max-width: 1024px) 100vw, 1024px\" \/><\/figure>\n\n\n\n<p><\/p>\n\n\n\n<div style=\"height:68px\" aria-hidden=\"true\" class=\"wp-block-spacer\"><\/div>\n\n\n\n<p><\/p>\n","protected":false},"excerpt":{"rendered":"<p>This course is available only in Portuguese MINICURSO Design de Materiais Imersivos para o Ensino em Ambientes de Realidade Estendida A aplica\u00e7\u00e3o de tecnologias de car\u00e1ter imersivo, como jogos de Realidade Estendida, tem ganhado cada vez mais espa\u00e7o no \u00e2mbito educacional, gra\u00e7as \u00e0s suas possibilidades de intera\u00e7\u00e3o, abstra\u00e7\u00e3o, e engajamento de estudantes. Em especial, a [&hellip;]<\/p>\n","protected":false},"author":1,"featured_media":0,"parent":173,"menu_order":0,"comment_status":"closed","ping_status":"closed","template":"","meta":{"footnotes":""},"class_list":["post-179","page","type-page","status-publish","hentry"],"_links":{"self":[{"href":"https:\/\/xr4edu.decom.ufop.br\/index.php\/wp-json\/wp\/v2\/pages\/179","targetHints":{"allow":["GET"]}}],"collection":[{"href":"https:\/\/xr4edu.decom.ufop.br\/index.php\/wp-json\/wp\/v2\/pages"}],"about":[{"href":"https:\/\/xr4edu.decom.ufop.br\/index.php\/wp-json\/wp\/v2\/types\/page"}],"author":[{"embeddable":true,"href":"https:\/\/xr4edu.decom.ufop.br\/index.php\/wp-json\/wp\/v2\/users\/1"}],"replies":[{"embeddable":true,"href":"https:\/\/xr4edu.decom.ufop.br\/index.php\/wp-json\/wp\/v2\/comments?post=179"}],"version-history":[{"count":28,"href":"https:\/\/xr4edu.decom.ufop.br\/index.php\/wp-json\/wp\/v2\/pages\/179\/revisions"}],"predecessor-version":[{"id":222,"href":"https:\/\/xr4edu.decom.ufop.br\/index.php\/wp-json\/wp\/v2\/pages\/179\/revisions\/222"}],"up":[{"embeddable":true,"href":"https:\/\/xr4edu.decom.ufop.br\/index.php\/wp-json\/wp\/v2\/pages\/173"}],"wp:attachment":[{"href":"https:\/\/xr4edu.decom.ufop.br\/index.php\/wp-json\/wp\/v2\/media?parent=179"}],"curies":[{"name":"wp","href":"https:\/\/api.w.org\/{rel}","templated":true}]}}